{"id":11131,"date":"2023-07-03T08:23:09","date_gmt":"2023-07-03T06:23:09","guid":{"rendered":"https:\/\/vidbag.fr\/avisos-legais\/"},"modified":"2023-07-07T12:07:50","modified_gmt":"2023-07-07T10:07:50","slug":"avisos-legais","status":"publish","type":"page","link":"https:\/\/vidbag.fr\/pt-pt\/avisos-legais\/","title":{"rendered":"Avisos legais"},"content":{"rendered":"\t\t<div data-elementor-type=\"wp-page\" data-elementor-id=\"11131\" class=\"elementor elementor-11131 elementor-10329\">\n\t\t\t\t\t\t<section class=\"elementor-section elementor-top-section elementor-element elementor-element-7f28297 elementor-section-boxed elementor-section-height-default elementor-section-height-default sc_fly_static\" data-id=\"7f28297\" data-element_type=\"section\">\n\t\t\t\t\t\t<div class=\"elementor-container elementor-column-gap-extended\">\n\t\t\t\t\t<div class=\"elementor-column elementor-col-100 elementor-top-column elementor-element elementor-element-d70e8ba sc_content_align_inherit sc_layouts_column_icons_position_left sc_fly_static\" data-id=\"d70e8ba\" data-element_type=\"column\">\n\t\t\t<div class=\"elementor-widget-wrap elementor-element-populated\">\n\t\t\t\t\t\t<div class=\"elementor-element elementor-element-59a136c sc_fly_static elementor-widget elementor-widget-text-editor\" data-id=\"59a136c\" data-element_type=\"widget\" data-widget_type=\"text-editor.default\">\n\t\t\t\t<div class=\"elementor-widget-container\">\n\t\t\t\t\t\t\t\t\t<h2>Em vigor em 03\/07\/2023<\/h2>\n<p><span class=\"Apple-converted-space\"> <\/span><\/p>\n<p>De acordo com o disposto nos Artigos 6-III e 19 da Lei n \u00ba 2004-575 de 21 de junho de 2004 sobre Confian\u00e7a na Economia Digital, conhecida como LCEN, os usu\u00e1rios e visitantes, doravante o &#8220;<b>Usu\u00e1rio<\/b>&#8220;, do site https:\/\/vidbag.fr, doravante o &#8220;<b>Site<\/b>&#8220;, s\u00e3o informados destes avisos legais.<\/p>\n<p>A liga\u00e7\u00e3o e navega\u00e7\u00e3o no Site por parte do Utilizador implica a aceita\u00e7\u00e3o plena e sem reservas deste aviso legal.<\/p>\n<p>Estes est\u00e3o acess\u00edveis no Site sob o t\u00edtulo &#8220;<b>Avisos Legais<\/b>&#8220;.<\/p>\n<p><b>ARTIGO 1 &#8211; O EDITOR<\/b><\/p>\n<p>O Site \u00e9 publicado pela VB &#8211; TRADE SASU com um capital de 67000 euros, inscrita no Registo Comercial e Comercial LAVAL sob o n\u00famero 800250433 com sede social em 73 RUE VICTOR BOISSEL, 53000 LAVAL,<span class=\"Apple-converted-space\"> <\/span><\/p>\n<p>Endere\u00e7o de e-mail: contact@vbtrade.fr.<\/p>\n<p>N.o de IVA intracomunit\u00e1rio: FR50800250433<\/p>\n<p>O Diretor de Publica\u00e7\u00e3o \u00e9 Christophe Duchemin<\/p>\n<p>doravante o &#8220;<b>Editor<\/b>&#8220;.<\/p>\n<p><b>ARTIGO 2 &#8211; O ANFITRI\u00c3O<\/b><\/p>\n<p>O anfitri\u00e3o do Site \u00e9 a empresa OVH, com sede social em 2 rue Kellermann, BP 80157 59053 ROUBAIX CEDEX 1, <b>endere\u00e7o de email de contacto<\/b><\/p>\n<p><b>ARTIGO 3 &#8211; ACESSO AO SITE<\/b><\/p>\n<p>O Site est\u00e1 acess\u00edvel em qualquer lugar, 7 dias por semana, 24 horas por dia, exceto em casos de for\u00e7a maior, interrup\u00e7\u00e3o programada ou n\u00e3o programada e que possa resultar de uma necessidade de manuten\u00e7\u00e3o.<\/p>\n<p>Em caso de modifica\u00e7\u00e3o, interrup\u00e7\u00e3o ou suspens\u00e3o do Site, a Editora n\u00e3o pode ser responsabilizada.<\/p>\n<p><b>ARTIGO 4.\u00ba &#8211; RECOLHA DE DADOS<\/b><\/p>\n<p>O Site garante ao Utilizador uma recolha e tratamento de informa\u00e7\u00f5es pessoais com respeito pela privacidade de acordo com a Lei n \u00ba 78-17 de 6 de janeiro de 1978 relativa ao processamento de dados, arquivos e liberdades.<span class=\"Apple-converted-space\"> <\/span><\/p>\n<p>Nos termos da Lei de Prote\u00e7\u00e3o de Dados, datada de 6 de janeiro de 1978, o Utilizador tem o direito de acesso, retifica\u00e7\u00e3o, elimina\u00e7\u00e3o e oposi\u00e7\u00e3o dos seus dados pessoais. O Utilizador exerce este direito:<\/p>\n<p>\u00b7 <span class=\"Apple-converted-space\"> <\/span>por e-mail para o endere\u00e7o de e-mail contact@vbtrade.fr<\/p>\n<p>\u00b7 <span class=\"Apple-converted-space\"> <\/span>atrav\u00e9s de um formul\u00e1rio de contacto;<\/p>\n<p><span class=\"Apple-converted-space\"> <\/span><\/p>\n<p><span class=\"Apple-converted-space\"> <\/span><\/p>\n<p>Qualquer uso, reprodu\u00e7\u00e3o, distribui\u00e7\u00e3o, marketing, modifica\u00e7\u00e3o de todo ou parte do Site, sem a autoriza\u00e7\u00e3o da Editora \u00e9 proibido e pode resultar em a\u00e7\u00f5es e processos legais, conforme previsto, em particular, pelo C\u00f3digo de Propriedade Intelectual e pelo C\u00f3digo Civil.<\/p>\n<p>&#8212;  <\/p>\n<h3><strong>ENTRE EM CONTATO COM A AG\u00caNCIA WEB <\/strong><\/h3>\n<p>Reformula\u00e7\u00e3o do site pela Darlow France Agency com sede em Paris em 12 rue Vivienne, Paris 2nd e 8 rue de Rennes, 53000 Laval <\/p>\n<p><strong>Email <\/strong>: <a href=\"mailto:brigade@darlowfrance.com\">brigade@darlowfrance.com <\/a> <\/p>\n<p><strong>S\u00edtio Web<\/strong> : <a href=\"https:\/\/darlowfrance.com\" rel=\"nofollow noopener\" target=\"_blank\">https:\/\/darlowfrance.com<\/a><\/p>\n\t\t\t\t\t\t\t\t<\/div>\n\t\t\t\t<\/div>\n\t\t\t\t\t<\/div>\n\t\t<\/div>\n\t\t\t\t\t<\/div>\n\t\t<\/section>\n\t\t\t\t<\/div>\n\t\t","protected":false},"excerpt":{"rendered":"<p>Em vigor em 03\/07\/2023 De acordo com o disposto nos Artigos 6-III e 19 da Lei n \u00ba 2004-575 de 21 de junho de 2004 sobre Confian\u00e7a na Economia Digital,&hellip;<\/p>\n","protected":false},"author":1,"featured_media":9906,"parent":0,"menu_order":0,"comment_status":"closed","ping_status":"closed","template":"","meta":{"footnotes":""},"class_list":["post-11131","page","type-page","status-publish","has-post-thumbnail","hentry"],"_links":{"self":[{"href":"https:\/\/vidbag.fr\/pt-pt\/wp-json\/wp\/v2\/pages\/11131","targetHints":{"allow":["GET"]}}],"collection":[{"href":"https:\/\/vidbag.fr\/pt-pt\/wp-json\/wp\/v2\/pages"}],"about":[{"href":"https:\/\/vidbag.fr\/pt-pt\/wp-json\/wp\/v2\/types\/page"}],"author":[{"embeddable":true,"href":"https:\/\/vidbag.fr\/pt-pt\/wp-json\/wp\/v2\/users\/1"}],"replies":[{"embeddable":true,"href":"https:\/\/vidbag.fr\/pt-pt\/wp-json\/wp\/v2\/comments?post=11131"}],"version-history":[{"count":5,"href":"https:\/\/vidbag.fr\/pt-pt\/wp-json\/wp\/v2\/pages\/11131\/revisions"}],"predecessor-version":[{"id":11166,"href":"https:\/\/vidbag.fr\/pt-pt\/wp-json\/wp\/v2\/pages\/11131\/revisions\/11166"}],"wp:featuredmedia":[{"embeddable":true,"href":"https:\/\/vidbag.fr\/pt-pt\/wp-json\/wp\/v2\/media\/9906"}],"wp:attachment":[{"href":"https:\/\/vidbag.fr\/pt-pt\/wp-json\/wp\/v2\/media?parent=11131"}],"curies":[{"name":"wp","href":"https:\/\/api.w.org\/{rel}","templated":true}]}}