{"id":11129,"date":"2023-07-03T08:23:09","date_gmt":"2023-07-03T06:23:09","guid":{"rendered":"https:\/\/vidbag.fr\/legale\/"},"modified":"2023-07-07T12:11:21","modified_gmt":"2023-07-07T10:11:21","slug":"legale","status":"publish","type":"page","link":"https:\/\/vidbag.fr\/it\/legale\/","title":{"rendered":"Legale"},"content":{"rendered":"\t\t<div data-elementor-type=\"wp-page\" data-elementor-id=\"11129\" class=\"elementor elementor-11129 elementor-10329\">\n\t\t\t\t\t\t<section class=\"elementor-section elementor-top-section elementor-element elementor-element-7f28297 elementor-section-boxed elementor-section-height-default elementor-section-height-default sc_fly_static\" data-id=\"7f28297\" data-element_type=\"section\">\n\t\t\t\t\t\t<div class=\"elementor-container elementor-column-gap-extended\">\n\t\t\t\t\t<div class=\"elementor-column elementor-col-100 elementor-top-column elementor-element elementor-element-d70e8ba sc_content_align_inherit sc_layouts_column_icons_position_left sc_fly_static\" data-id=\"d70e8ba\" data-element_type=\"column\">\n\t\t\t<div class=\"elementor-widget-wrap elementor-element-populated\">\n\t\t\t\t\t\t<div class=\"elementor-element elementor-element-59a136c sc_fly_static elementor-widget elementor-widget-text-editor\" data-id=\"59a136c\" data-element_type=\"widget\" data-widget_type=\"text-editor.default\">\n\t\t\t\t<div class=\"elementor-widget-container\">\n\t\t\t\t\t\t\t\t\t<h2>In vigore il 03\/07\/2023<\/h2>\n<p><span class=\"Apple-converted-space\"> <\/span><\/p>\n<p>In conformit\u00e0 con le disposizioni degli articoli 6-III e 19 della legge n. 2004-575 del 21 giugno 2004 sulla fiducia nell&#8217;economia digitale, nota come LCEN, gli utenti e i visitatori, di seguito &#8220;<b>Utente<\/b>&#8220;, del sito https:\/\/vidbag.fr, di seguito il &#8220;<b>Sito<\/b>&#8220;, sono informati di queste note legali.<\/p>\n<p>La connessione e la navigazione sul Sito da parte dell&#8217;Utente implica l&#8217;accettazione piena e senza riserve del presente avviso legale.<\/p>\n<p>Questi sono accessibili sul Sito sotto la voce &#8220;<b>Note legali<\/b>&#8220;.<\/p>\n<p><b>ARTICOLO 1 &#8211; L&#8217;EDITORE<\/b><\/p>\n<p>Il Sito \u00e8 pubblicato da VB &#8211; TRADE SASU con un capitale di 67000 euro, iscritta al Registro del Commercio e delle Societ\u00e0 LAVAL con il numero 800250433 la cui sede legale si trova in 73 RUE VICTOR BOISSEL, 53000 LAVAL,<span class=\"Apple-converted-space\"> <\/span><\/p>\n<p>Posta elettronica: contact@vbtrade.fr.<\/p>\n<p>Partita IVA intracomunitaria: FR50800250433<\/p>\n<p>Il direttore della pubblicazione \u00e8 Christophe Duchemin<\/p>\n<p>di seguito l'&#8221;<b>Editore<\/b>&#8220;.<\/p>\n<p><b>ARTICOLO 2 &#8211; L&#8217;HOST<\/b><\/p>\n<p>L&#8217;host del Sito \u00e8 la societ\u00e0 OVH, con sede legale in 2 rue Kellermann, BP 80157 59053 ROUBAIX CEDEX 1, indirizzo <b>e-mail di contatto<\/b><\/p>\n<p><b>ARTICOLO 3 &#8211; ACCESSO AL SITO<\/b><\/p>\n<p>Il Sito \u00e8 accessibile ovunque, 7 giorni su 7, 24 ore su 24, salvo casi di forza maggiore, interruzione programmata o non programmata e che possono derivare da necessit\u00e0 di manutenzione.<\/p>\n<p>In caso di modifica, interruzione o sospensione del Sito, l&#8217;editore non pu\u00f2 essere ritenuto responsabile.<\/p>\n<p><b>ARTICOLO 4 &#8211; RACCOLTA DEI DATI<\/b><\/p>\n<p>Il Sito garantisce all&#8217;Utente una raccolta e un trattamento delle informazioni personali nel rispetto della privacy in conformit\u00e0 con la legge n. 78-17 del 6 gennaio 1978 relativa al trattamento dei dati, ai file e alle libert\u00e0.<span class=\"Apple-converted-space\"> <\/span><\/p>\n<p>Ai sensi della legge sulla protezione dei dati, datata 6 gennaio 1978, l&#8217;utente ha il diritto di accesso, rettifica, cancellazione e opposizione dei suoi dati personali. L&#8217;Utente esercita questo diritto:<\/p>\n<p>\u00b7 <span class=\"Apple-converted-space\"> <\/span>via e-mail all&#8217;indirizzo di posta elettronica contact@vbtrade.fr<\/p>\n<p>\u00b7 <span class=\"Apple-converted-space\"> <\/span>tramite un modulo di contatto;<\/p>\n<p><span class=\"Apple-converted-space\"> <\/span><\/p>\n<p><span class=\"Apple-converted-space\"> <\/span><\/p>\n<p>Qualsiasi utilizzo, riproduzione, distribuzione, marketing, modifica di tutto o parte del Sito, senza l&#8217;autorizzazione dell&#8217;editore \u00e8 vietato e pu\u00f2 comportare azioni e procedimenti legali come previsto in particolare dal Codice della propriet\u00e0 intellettuale e dal Codice civile.<\/p>\n<p>&#8212;  <\/p>\n<h3><strong>CONTATTA WEB AGENCY <\/strong><\/h3>\n<p>Riprogettazione del sito web da parte dell&#8217;Agenzia Darlow France con sede a Parigi in 12 rue Vivienne, Parigi 2nd e 8 rue de Rennes, 53000 Laval <\/p>\n<p><strong>E-mail <\/strong>: <a href=\"mailto:brigade@darlowfrance.com\">brigade@darlowfrance.com <\/a> <\/p>\n<p><strong>Sito web<\/strong> : <a href=\"https:\/\/darlowfrance.com\" rel=\"nofollow noopener\" target=\"_blank\">https:\/\/darlowfrance.com<\/a><\/p>\n\t\t\t\t\t\t\t\t<\/div>\n\t\t\t\t<\/div>\n\t\t\t\t\t<\/div>\n\t\t<\/div>\n\t\t\t\t\t<\/div>\n\t\t<\/section>\n\t\t\t\t<\/div>\n\t\t","protected":false},"excerpt":{"rendered":"<p>In vigore il 03\/07\/2023 In conformit\u00e0 con le disposizioni degli articoli 6-III e 19 della legge n. 2004-575 del 21 giugno 2004 sulla fiducia nell&#8217;economia digitale, nota come LCEN, gli&hellip;<\/p>\n","protected":false},"author":1,"featured_media":9905,"parent":0,"menu_order":0,"comment_status":"closed","ping_status":"closed","template":"","meta":{"footnotes":""},"class_list":["post-11129","page","type-page","status-publish","has-post-thumbnail","hentry"],"_links":{"self":[{"href":"https:\/\/vidbag.fr\/it\/wp-json\/wp\/v2\/pages\/11129","targetHints":{"allow":["GET"]}}],"collection":[{"href":"https:\/\/vidbag.fr\/it\/wp-json\/wp\/v2\/pages"}],"about":[{"href":"https:\/\/vidbag.fr\/it\/wp-json\/wp\/v2\/types\/page"}],"author":[{"embeddable":true,"href":"https:\/\/vidbag.fr\/it\/wp-json\/wp\/v2\/users\/1"}],"replies":[{"embeddable":true,"href":"https:\/\/vidbag.fr\/it\/wp-json\/wp\/v2\/comments?post=11129"}],"version-history":[{"count":5,"href":"https:\/\/vidbag.fr\/it\/wp-json\/wp\/v2\/pages\/11129\/revisions"}],"predecessor-version":[{"id":11172,"href":"https:\/\/vidbag.fr\/it\/wp-json\/wp\/v2\/pages\/11129\/revisions\/11172"}],"wp:featuredmedia":[{"embeddable":true,"href":"https:\/\/vidbag.fr\/it\/wp-json\/wp\/v2\/media\/9905"}],"wp:attachment":[{"href":"https:\/\/vidbag.fr\/it\/wp-json\/wp\/v2\/media?parent=11129"}],"curies":[{"name":"wp","href":"https:\/\/api.w.org\/{rel}","templated":true}]}}