{"id":11133,"date":"2023-07-03T08:23:09","date_gmt":"2023-07-03T06:23:09","guid":{"rendered":"https:\/\/vidbag.fr\/legal\/"},"modified":"2023-07-07T12:03:50","modified_gmt":"2023-07-07T10:03:50","slug":"legal","status":"publish","type":"page","link":"https:\/\/vidbag.fr\/es\/legal\/","title":{"rendered":"Legal"},"content":{"rendered":"\t\t<div data-elementor-type=\"wp-page\" data-elementor-id=\"11133\" class=\"elementor elementor-11133 elementor-10329\">\n\t\t\t\t\t\t<section class=\"elementor-section elementor-top-section elementor-element elementor-element-7f28297 elementor-section-boxed elementor-section-height-default elementor-section-height-default sc_fly_static\" data-id=\"7f28297\" data-element_type=\"section\">\n\t\t\t\t\t\t<div class=\"elementor-container elementor-column-gap-extended\">\n\t\t\t\t\t<div class=\"elementor-column elementor-col-100 elementor-top-column elementor-element elementor-element-d70e8ba sc_content_align_inherit sc_layouts_column_icons_position_left sc_fly_static\" data-id=\"d70e8ba\" data-element_type=\"column\">\n\t\t\t<div class=\"elementor-widget-wrap elementor-element-populated\">\n\t\t\t\t\t\t<div class=\"elementor-element elementor-element-59a136c sc_fly_static elementor-widget elementor-widget-text-editor\" data-id=\"59a136c\" data-element_type=\"widget\" data-widget_type=\"text-editor.default\">\n\t\t\t\t<div class=\"elementor-widget-container\">\n\t\t\t\t\t\t\t\t\t<h2>En vigor el 03\/07\/2023<\/h2>\n<p><span class=\"Apple-converted-space\"> <\/span><\/p>\n<p>De conformidad con las disposiciones de los art\u00edculos 6-III y 19 de la Ley N \u00b0 2004-575 de 21 de junio de 2004 sobre la confianza en la econom\u00eda digital, conocida como LCEN, los usuarios y visitantes, en adelante el \u00ab<b>Usuario<\/b>\u00ab, del sitio https:\/\/vidbag.fr, en adelante el \u00ab<b>Sitio<\/b>\u00ab, est\u00e1n informados de estos avisos legales.<\/p>\n<p>La conexi\u00f3n y navegaci\u00f3n en el Sitio por parte del Usuario implica la aceptaci\u00f3n plena y sin reservas del presente aviso legal.<\/p>\n<p>Estos son accesibles en el Sitio bajo el t\u00edtulo \u00ab<b>Avisos legales<\/b>\u00ab.<\/p>\n<p><b>ART\u00cdCULO 1 &#8211; EL EDITOR<\/b><\/p>\n<p>El Sitio es publicado por VB &#8211; TRADE SASU con un capital de 67000 euros, inscrita en el Registro Mercantil y de Sociedades de LAVAL con el n\u00famero 800250433 cuyo domicilio social se encuentra en 73 RUE VICTOR BOISSEL, 53000 LAVAL,<span class=\"Apple-converted-space\"> <\/span><\/p>\n<p>Direcci\u00f3n de correo electr\u00f3nico: contact@vbtrade.fr.<\/p>\n<p>N\u00famero de IVA intracomunitario: FR50800250433<\/p>\n<p>El Director de Publicaci\u00f3n es Christophe Duchemin<\/p>\n<p>en adelante, el \u00ab<b>Editor<\/b>\u00ab.<\/p>\n<p><b>ART\u00cdCULO 2 &#8211; El ANFITRI\u00d3N<\/b><\/p>\n<p>El anfitri\u00f3n del Sitio es la empresa OVH, con domicilio social en 2 rue Kellermann, BP 80157 59053 ROUBAIX CEDEX 1, <b>direcci\u00f3n de correo electr\u00f3nico de contacto<\/b><\/p>\n<p><b>ART\u00cdCULO 3 &#8211; ACCESO AL SITIO<\/b><\/p>\n<p>El Sitio es accesible en cualquier lugar, 7 d\u00edas a la semana, 24 horas al d\u00eda, excepto en casos de fuerza mayor, interrupci\u00f3n programada o no programada y que puede resultar de una necesidad de mantenimiento.<\/p>\n<p>En caso de modificaci\u00f3n, interrupci\u00f3n o suspensi\u00f3n del Sitio, el Editor no se hace responsable.<\/p>\n<p><b>ART\u00cdCULO 4 &#8211; RECOPILACI\u00d3N DE DATOS<\/b><\/p>\n<p>El Sitio garantiza al Usuario una recopilaci\u00f3n y procesamiento de informaci\u00f3n personal con respeto a la privacidad de acuerdo con la Ley N \u00b0 78-17 del 6 de enero de 1978 relativa al procesamiento de datos, archivos y libertades.<span class=\"Apple-converted-space\"> <\/span><\/p>\n<p>En virtud de la Ley de Protecci\u00f3n de Datos, de 6 de enero de 1978, el Usuario tiene derecho de acceso, rectificaci\u00f3n, supresi\u00f3n y oposici\u00f3n de sus datos personales. El Usuario ejerce este derecho:<\/p>\n<p>\u00b7 <span class=\"Apple-converted-space\"> <\/span>por correo electr\u00f3nico a la direcci\u00f3n de correo electr\u00f3nico contact@vbtrade.fr<\/p>\n<p>\u00b7 <span class=\"Apple-converted-space\"> <\/span>a trav\u00e9s de un formulario de contacto;<\/p>\n<p><span class=\"Apple-converted-space\"> <\/span><\/p>\n<p><span class=\"Apple-converted-space\"> <\/span><\/p>\n<p>Cualquier uso, reproducci\u00f3n, distribuci\u00f3n, comercializaci\u00f3n, modificaci\u00f3n de todo o parte del Sitio, sin la autorizaci\u00f3n del Editor est\u00e1 prohibido y puede dar lugar a acciones y procedimientos legales seg\u00fan lo dispuesto en particular por el C\u00f3digo de Propiedad Intelectual y el C\u00f3digo Civil.<\/p>\n<p>&#8212;  <\/p>\n<h3><strong>CONTACTO AGENCIA WEB <\/strong><\/h3>\n<p>Redise\u00f1o del sitio web por la Agencia Darlow France con sede en Par\u00eds en 12 rue Vivienne, Paris 2nd y 8 rue de Rennes, 53000 Laval <\/p>\n<p><strong>Correo electr\u00f3nico <\/strong>: <a href=\"mailto:brigade@darlowfrance.com\">brigade@darlowfrance.com <\/a> <\/p>\n<p><strong>Sitio web<\/strong> : <a href=\"https:\/\/darlowfrance.com\" rel=\"nofollow noopener\" target=\"_blank\">https:\/\/darlowfrance.com<\/a><\/p>\n\t\t\t\t\t\t\t\t<\/div>\n\t\t\t\t<\/div>\n\t\t\t\t\t<\/div>\n\t\t<\/div>\n\t\t\t\t\t<\/div>\n\t\t<\/section>\n\t\t\t\t<\/div>\n\t\t","protected":false},"excerpt":{"rendered":"<p>En vigor el 03\/07\/2023 De conformidad con las disposiciones de los art\u00edculos 6-III y 19 de la Ley N \u00b0 2004-575 de 21 de junio de 2004 sobre la confianza&hellip;<\/p>\n","protected":false},"author":1,"featured_media":9907,"parent":0,"menu_order":0,"comment_status":"closed","ping_status":"closed","template":"","meta":{"footnotes":""},"class_list":["post-11133","page","type-page","status-publish","has-post-thumbnail","hentry"],"_links":{"self":[{"href":"https:\/\/vidbag.fr\/es\/wp-json\/wp\/v2\/pages\/11133","targetHints":{"allow":["GET"]}}],"collection":[{"href":"https:\/\/vidbag.fr\/es\/wp-json\/wp\/v2\/pages"}],"about":[{"href":"https:\/\/vidbag.fr\/es\/wp-json\/wp\/v2\/types\/page"}],"author":[{"embeddable":true,"href":"https:\/\/vidbag.fr\/es\/wp-json\/wp\/v2\/users\/1"}],"replies":[{"embeddable":true,"href":"https:\/\/vidbag.fr\/es\/wp-json\/wp\/v2\/comments?post=11133"}],"version-history":[{"count":5,"href":"https:\/\/vidbag.fr\/es\/wp-json\/wp\/v2\/pages\/11133\/revisions"}],"predecessor-version":[{"id":11159,"href":"https:\/\/vidbag.fr\/es\/wp-json\/wp\/v2\/pages\/11133\/revisions\/11159"}],"wp:featuredmedia":[{"embeddable":true,"href":"https:\/\/vidbag.fr\/es\/wp-json\/wp\/v2\/media\/9907"}],"wp:attachment":[{"href":"https:\/\/vidbag.fr\/es\/wp-json\/wp\/v2\/media?parent=11133"}],"curies":[{"name":"wp","href":"https:\/\/api.w.org\/{rel}","templated":true}]}}