{"id":11127,"date":"2023-07-03T08:23:09","date_gmt":"2023-07-03T06:23:09","guid":{"rendered":"https:\/\/vidbag.fr\/rechtlich\/"},"modified":"2023-07-07T12:06:18","modified_gmt":"2023-07-07T10:06:18","slug":"rechtlich","status":"publish","type":"page","link":"https:\/\/vidbag.fr\/de\/rechtlich\/","title":{"rendered":"Rechtlich"},"content":{"rendered":"\t\t<div data-elementor-type=\"wp-page\" data-elementor-id=\"11127\" class=\"elementor elementor-11127 elementor-10329\">\n\t\t\t\t\t\t<section class=\"elementor-section elementor-top-section elementor-element elementor-element-7f28297 elementor-section-boxed elementor-section-height-default elementor-section-height-default sc_fly_static\" data-id=\"7f28297\" data-element_type=\"section\">\n\t\t\t\t\t\t<div class=\"elementor-container elementor-column-gap-extended\">\n\t\t\t\t\t<div class=\"elementor-column elementor-col-100 elementor-top-column elementor-element elementor-element-d70e8ba sc_content_align_inherit sc_layouts_column_icons_position_left sc_fly_static\" data-id=\"d70e8ba\" data-element_type=\"column\">\n\t\t\t<div class=\"elementor-widget-wrap elementor-element-populated\">\n\t\t\t\t\t\t<div class=\"elementor-element elementor-element-59a136c sc_fly_static elementor-widget elementor-widget-text-editor\" data-id=\"59a136c\" data-element_type=\"widget\" data-widget_type=\"text-editor.default\">\n\t\t\t\t<div class=\"elementor-widget-container\">\n\t\t\t\t\t\t\t\t\t<h2>G\u00fcltig ab 03.07.2023<\/h2>\n<p><span class=\"Apple-converted-space\"> <\/span><\/p>\n<p>In \u00dcbereinstimmung mit den Bestimmungen der Artikel 6-III und 19 des Gesetzes Nr. 2004-575 vom 21. Juni 2004 \u00fcber das Vertrauen in die digitale Wirtschaft, bekannt als LCEN, werden die Benutzer und Besucher, im Folgenden die &#8222;<b>Nutzer<\/b>&#8220; der Website https:\/\/vidbag.fr, im Folgenden die &#8222;<b>Website<\/b>&#8222;, \u00fcber diese rechtlichen Hinweise informiert.<\/p>\n<p>Die Verbindung und Navigation auf der Website durch den Benutzer impliziert die vollst\u00e4ndige und vorbehaltlose Annahme dieses rechtlichen Hinweises.<\/p>\n<p>Diese sind auf der Website unter der Rubrik &#8222;<b>Rechtliche Hinweise<\/b>&#8220; zug\u00e4nglich.<\/p>\n<p><b>ARTIKEL 1 &#8211; DER HERAUSGEBER<\/b><\/p>\n<p>Die Website wird von VB &#8211; TRADE SASU mit einem Kapital von 67000 Euro ver\u00f6ffentlicht, eingetragen im Handels- und Gesellschaftsregister LAVAL unter der Nummer 800250433 mit Sitz in 73 RUE VICTOR BOISSEL, 53000 LAVAL,<span class=\"Apple-converted-space\"> <\/span><\/p>\n<p>E-Mail-Adresse: contact@vbtrade.fr.<\/p>\n<p>Innergemeinschaftliche Umsatzsteuer-Identifikationsnummer: FR50800250433<\/p>\n<p>Verantwortlich f\u00fcr die Ver\u00f6ffentlichung ist Christophe Duchemin<\/p>\n<p>im Folgenden der &#8222;<b>Herausgeber<\/b>&#8220; genannt.<\/p>\n<p><b>ARTIKEL 2 &#8211; Der GASTGEBER<\/b><\/p>\n<p>Der Host der Website ist das Unternehmen OVH mit Sitz in 2 rue Kellermann, BP 80157 59053 ROUBAIX CEDEX 1, <b>Kontakt-E-Mail-Adresse<\/b><\/p>\n<p><b>ARTIKEL 3 &#8211; ZUGRIFF AUF DIE WEBSITE<\/b><\/p>\n<p>Die Website ist \u00fcberall, 7 Tage die Woche, 24 Stunden am Tag zug\u00e4nglich, au\u00dfer in F\u00e4llen h\u00f6herer Gewalt, geplanter oder ungeplanter Unterbrechungen, die sich aus Wartungsarbeiten ergeben k\u00f6nnen.<\/p>\n<p>Im Falle einer \u00c4nderung, Unterbrechung oder Aussetzung der Website kann der Herausgeber nicht haftbar gemacht werden.<\/p>\n<p><b>ARTIKEL 4 &#8211; DATENERHEBUNG<\/b><\/p>\n<p>Die Website garantiert dem Benutzer eine Sammlung und Verarbeitung personenbezogener Daten unter Wahrung der Privatsph\u00e4re gem\u00e4\u00df dem Gesetz Nr. 78-17 vom 6. Januar 1978 \u00fcber Datenverarbeitung, Dateien und Freiheiten.<span class=\"Apple-converted-space\"> <\/span><\/p>\n<p>Gem\u00e4\u00df dem Datenschutzgesetz vom 6. Januar 1978 hat der Benutzer ein Recht auf Zugang, Berichtigung, L\u00f6schung und Widerspruch seiner personenbezogenen Daten. Der Nutzer \u00fcbt dieses Recht aus:<\/p>\n<p>\u00b7 <span class=\"Apple-converted-space\"> <\/span>per E-Mail an die E-Mail-Adresse contact@vbtrade.fr<\/p>\n<p>\u00b7 <span class=\"Apple-converted-space\"> <\/span>\u00fcber ein Kontaktformular;<\/p>\n<p><span class=\"Apple-converted-space\"> <\/span><\/p>\n<p><span class=\"Apple-converted-space\"> <\/span><\/p>\n<p>Jegliche Nutzung, Vervielf\u00e4ltigung, Verbreitung, Vermarktung, \u00c4nderung der gesamten oder eines Teils der Website ohne Genehmigung des Herausgebers ist verboten und kann zu Klagen und Gerichtsverfahren f\u00fchren, wie sie insbesondere im Gesetz \u00fcber geistiges Eigentum und im B\u00fcrgerlichen Gesetzbuch vorgesehen sind.<\/p>\n<p>&#8212;  <\/p>\n<h3><strong>WEBAGENTUR KONTAKTIEREN <\/strong><\/h3>\n<p>Redesign der Website durch die Agentur Darlow France mit Sitz in Paris, 12 rue Vivienne, Paris 2nd und 8 rue de Rennes, 53000 Laval <\/p>\n<p><strong>E-Mail <\/strong>: <a href=\"mailto:brigade@darlowfrance.com\">brigade@darlowfrance.com <\/a> <\/p>\n<p><strong>Website<\/strong> : <a href=\"https:\/\/darlowfrance.com\" rel=\"nofollow noopener\" target=\"_blank\">https:\/\/darlowfrance.com<\/a><\/p>\n\t\t\t\t\t\t\t\t<\/div>\n\t\t\t\t<\/div>\n\t\t\t\t\t<\/div>\n\t\t<\/div>\n\t\t\t\t\t<\/div>\n\t\t<\/section>\n\t\t\t\t<\/div>\n\t\t","protected":false},"excerpt":{"rendered":"<p>G\u00fcltig ab 03.07.2023 In \u00dcbereinstimmung mit den Bestimmungen der Artikel 6-III und 19 des Gesetzes Nr. 2004-575 vom 21. Juni 2004 \u00fcber das Vertrauen in die digitale Wirtschaft, bekannt als&hellip;<\/p>\n","protected":false},"author":1,"featured_media":9904,"parent":0,"menu_order":0,"comment_status":"closed","ping_status":"closed","template":"","meta":{"footnotes":""},"class_list":["post-11127","page","type-page","status-publish","has-post-thumbnail","hentry"],"_links":{"self":[{"href":"https:\/\/vidbag.fr\/de\/wp-json\/wp\/v2\/pages\/11127","targetHints":{"allow":["GET"]}}],"collection":[{"href":"https:\/\/vidbag.fr\/de\/wp-json\/wp\/v2\/pages"}],"about":[{"href":"https:\/\/vidbag.fr\/de\/wp-json\/wp\/v2\/types\/page"}],"author":[{"embeddable":true,"href":"https:\/\/vidbag.fr\/de\/wp-json\/wp\/v2\/users\/1"}],"replies":[{"embeddable":true,"href":"https:\/\/vidbag.fr\/de\/wp-json\/wp\/v2\/comments?post=11127"}],"version-history":[{"count":5,"href":"https:\/\/vidbag.fr\/de\/wp-json\/wp\/v2\/pages\/11127\/revisions"}],"predecessor-version":[{"id":11163,"href":"https:\/\/vidbag.fr\/de\/wp-json\/wp\/v2\/pages\/11127\/revisions\/11163"}],"wp:featuredmedia":[{"embeddable":true,"href":"https:\/\/vidbag.fr\/de\/wp-json\/wp\/v2\/media\/9904"}],"wp:attachment":[{"href":"https:\/\/vidbag.fr\/de\/wp-json\/wp\/v2\/media?parent=11127"}],"curies":[{"name":"wp","href":"https:\/\/api.w.org\/{rel}","templated":true}]}}